{"id":143,"date":"2016-04-30T17:54:12","date_gmt":"2016-04-30T15:54:12","guid":{"rendered":"http:\/\/www.kulturundkuenste.de\/?page_id=143"},"modified":"2016-04-30T17:57:49","modified_gmt":"2016-04-30T15:57:49","slug":"sofatalk","status":"publish","type":"page","link":"https:\/\/www.kulturundkuenste.de\/?page_id=143","title":{"rendered":"SofaTalk"},"content":{"rendered":"<p>Gespr\u00e4che mit interessanten Menschen.<\/p>\n<p>F\u00fcr Zuh\u00f6rer und Fragensteller.<\/p>\n<p>Immer auf dem gleichen Sofa.<\/p>\n","protected":false},"excerpt":{"rendered":"<p>Gespr\u00e4che mit interessanten Menschen. F\u00fcr Zuh\u00f6rer und Fragensteller. Immer auf dem gleichen Sofa.<\/p>\n","protected":false},"author":1,"featured_media":0,"parent":70,"menu_order":0,"comment_status":"closed","ping_status":"closed","template":"","meta":[],"_links":{"self":[{"href":"https:\/\/www.kulturundkuenste.de\/index.php?rest_route=\/wp\/v2\/pages\/143"}],"collection":[{"href":"https:\/\/www.kulturundkuenste.de\/index.php?rest_route=\/wp\/v2\/pages"}],"about":[{"href":"https:\/\/www.kulturundkuenste.de\/index.php?rest_route=\/wp\/v2\/types\/page"}],"author":[{"embeddable":true,"href":"https:\/\/www.kulturundkuenste.de\/index.php?rest_route=\/wp\/v2\/users\/1"}],"replies":[{"embeddable":true,"href":"https:\/\/www.kulturundkuenste.de\/index.php?rest_route=%2Fwp%2Fv2%2Fcomments&post=143"}],"version-history":[{"count":1,"href":"https:\/\/www.kulturundkuenste.de\/index.php?rest_route=\/wp\/v2\/pages\/143\/revisions"}],"predecessor-version":[{"id":144,"href":"https:\/\/www.kulturundkuenste.de\/index.php?rest_route=\/wp\/v2\/pages\/143\/revisions\/144"}],"up":[{"embeddable":true,"href":"https:\/\/www.kulturundkuenste.de\/index.php?rest_route=\/wp\/v2\/pages\/70"}],"wp:attachment":[{"href":"https:\/\/www.kulturundkuenste.de\/index.php?rest_route=%2Fwp%2Fv2%2Fmedia&parent=143"}],"curies":[{"name":"wp","href":"https:\/\/api.w.org\/{rel}","templated":true}]}}