{"id":145,"date":"2016-04-30T17:54:56","date_gmt":"2016-04-30T15:54:56","guid":{"rendered":"http:\/\/www.kulturundkuenste.de\/?page_id=145"},"modified":"2020-12-19T18:10:54","modified_gmt":"2020-12-19T17:10:54","slug":"wir-suchen-sie","status":"publish","type":"page","link":"https:\/\/www.kulturundkuenste.de\/?page_id=145","title":{"rendered":"Wir suchen Sie!"},"content":{"rendered":"<p>Machen Sie doch einfach mit!<\/p>\n<p>Wir sind auf der Suche nach interessanten k\u00fcnstlerischen Darbietungen.<\/p>\n<p>Wenn Sie gerne mal etwas vortragen (Musik, Lesung, Kabarett etc.) oder ausstellen m\u00f6chten, dann rufen Sie uns doch unverbindlich an.<\/p>\n<p>Wir freuen uns \u00fcber jede Anfrage.<\/p>\n","protected":false},"excerpt":{"rendered":"<p>Machen Sie doch einfach mit! Wir sind auf der Suche nach interessanten k\u00fcnstlerischen Darbietungen. Wenn Sie gerne mal etwas vortragen (Musik, Lesung, Kabarett etc.) oder ausstellen m\u00f6chten, dann rufen Sie uns doch unverbindlich an. Wir freuen uns \u00fcber jede Anfrage.<\/p>\n","protected":false},"author":1,"featured_media":0,"parent":0,"menu_order":0,"comment_status":"closed","ping_status":"closed","template":"","meta":[],"_links":{"self":[{"href":"https:\/\/www.kulturundkuenste.de\/index.php?rest_route=\/wp\/v2\/pages\/145"}],"collection":[{"href":"https:\/\/www.kulturundkuenste.de\/index.php?rest_route=\/wp\/v2\/pages"}],"about":[{"href":"https:\/\/www.kulturundkuenste.de\/index.php?rest_route=\/wp\/v2\/types\/page"}],"author":[{"embeddable":true,"href":"https:\/\/www.kulturundkuenste.de\/index.php?rest_route=\/wp\/v2\/users\/1"}],"replies":[{"embeddable":true,"href":"https:\/\/www.kulturundkuenste.de\/index.php?rest_route=%2Fwp%2Fv2%2Fcomments&post=145"}],"version-history":[{"count":2,"href":"https:\/\/www.kulturundkuenste.de\/index.php?rest_route=\/wp\/v2\/pages\/145\/revisions"}],"predecessor-version":[{"id":202,"href":"https:\/\/www.kulturundkuenste.de\/index.php?rest_route=\/wp\/v2\/pages\/145\/revisions\/202"}],"wp:attachment":[{"href":"https:\/\/www.kulturundkuenste.de\/index.php?rest_route=%2Fwp%2Fv2%2Fmedia&parent=145"}],"curies":[{"name":"wp","href":"https:\/\/api.w.org\/{rel}","templated":true}]}}