{"id":70,"date":"2016-03-31T21:07:37","date_gmt":"2016-03-31T19:07:37","guid":{"rendered":"http:\/\/testversion.kulturundkuenste.de\/?page_id=70"},"modified":"2020-12-19T17:58:42","modified_gmt":"2020-12-19T16:58:42","slug":"projekte","status":"publish","type":"page","link":"https:\/\/www.kulturundkuenste.de\/?page_id=70","title":{"rendered":"Projekte"},"content":{"rendered":"<p>Aktuell suchen wir Unterst\u00fctzer f\u00fcr die nachfolgenden Projekte.<br \/>\nSie k\u00f6nnen sich auf unserer Partnerseite betterplace.org informieren und dort f\u00fcr das Projekt spenden.<\/p>\n","protected":false},"excerpt":{"rendered":"<p>Aktuell suchen wir Unterst\u00fctzer f\u00fcr die nachfolgenden Projekte. Sie k\u00f6nnen sich auf unserer Partnerseite betterplace.org informieren und dort f\u00fcr das Projekt spenden.<\/p>\n","protected":false},"author":1,"featured_media":0,"parent":0,"menu_order":0,"comment_status":"closed","ping_status":"closed","template":"","meta":[],"_links":{"self":[{"href":"https:\/\/www.kulturundkuenste.de\/index.php?rest_route=\/wp\/v2\/pages\/70"}],"collection":[{"href":"https:\/\/www.kulturundkuenste.de\/index.php?rest_route=\/wp\/v2\/pages"}],"about":[{"href":"https:\/\/www.kulturundkuenste.de\/index.php?rest_route=\/wp\/v2\/types\/page"}],"author":[{"embeddable":true,"href":"https:\/\/www.kulturundkuenste.de\/index.php?rest_route=\/wp\/v2\/users\/1"}],"replies":[{"embeddable":true,"href":"https:\/\/www.kulturundkuenste.de\/index.php?rest_route=%2Fwp%2Fv2%2Fcomments&post=70"}],"version-history":[{"count":15,"href":"https:\/\/www.kulturundkuenste.de\/index.php?rest_route=\/wp\/v2\/pages\/70\/revisions"}],"predecessor-version":[{"id":421,"href":"https:\/\/www.kulturundkuenste.de\/index.php?rest_route=\/wp\/v2\/pages\/70\/revisions\/421"}],"wp:attachment":[{"href":"https:\/\/www.kulturundkuenste.de\/index.php?rest_route=%2Fwp%2Fv2%2Fmedia&parent=70"}],"curies":[{"name":"wp","href":"https:\/\/api.w.org\/{rel}","templated":true}]}}