{"id":74,"date":"2016-03-31T21:08:59","date_gmt":"2016-03-31T19:08:59","guid":{"rendered":"http:\/\/testversion.kulturundkuenste.de\/?page_id=74"},"modified":"2016-06-19T15:11:44","modified_gmt":"2016-06-19T13:11:44","slug":"spender-und-sponsoren","status":"publish","type":"page","link":"https:\/\/www.kulturundkuenste.de\/?page_id=74","title":{"rendered":"Unterst\u00fctzer"},"content":{"rendered":"<p>Wir danken folgenden Firmen und Organisationen f\u00fcr ihre Unterst\u00fctzung:<\/p>\n<p>&nbsp;<\/p>\n<p>Stadtsparkasse Wuppertal<\/p>\n<p>3M<\/p>\n<p>Piano Faust<\/p>\n","protected":false},"excerpt":{"rendered":"<p>Wir danken folgenden Firmen und Organisationen f\u00fcr ihre Unterst\u00fctzung: &nbsp; Stadtsparkasse Wuppertal 3M Piano Faust<\/p>\n","protected":false},"author":1,"featured_media":0,"parent":70,"menu_order":0,"comment_status":"closed","ping_status":"closed","template":"","meta":[],"_links":{"self":[{"href":"https:\/\/www.kulturundkuenste.de\/index.php?rest_route=\/wp\/v2\/pages\/74"}],"collection":[{"href":"https:\/\/www.kulturundkuenste.de\/index.php?rest_route=\/wp\/v2\/pages"}],"about":[{"href":"https:\/\/www.kulturundkuenste.de\/index.php?rest_route=\/wp\/v2\/types\/page"}],"author":[{"embeddable":true,"href":"https:\/\/www.kulturundkuenste.de\/index.php?rest_route=\/wp\/v2\/users\/1"}],"replies":[{"embeddable":true,"href":"https:\/\/www.kulturundkuenste.de\/index.php?rest_route=%2Fwp%2Fv2%2Fcomments&post=74"}],"version-history":[{"count":5,"href":"https:\/\/www.kulturundkuenste.de\/index.php?rest_route=\/wp\/v2\/pages\/74\/revisions"}],"predecessor-version":[{"id":246,"href":"https:\/\/www.kulturundkuenste.de\/index.php?rest_route=\/wp\/v2\/pages\/74\/revisions\/246"}],"up":[{"embeddable":true,"href":"https:\/\/www.kulturundkuenste.de\/index.php?rest_route=\/wp\/v2\/pages\/70"}],"wp:attachment":[{"href":"https:\/\/www.kulturundkuenste.de\/index.php?rest_route=%2Fwp%2Fv2%2Fmedia&parent=74"}],"curies":[{"name":"wp","href":"https:\/\/api.w.org\/{rel}","templated":true}]}}